{"id":10671,"date":"2025-09-25T13:53:38","date_gmt":"2025-09-25T13:53:38","guid":{"rendered":"https:\/\/pwp-3.digital-iz.ch\/?page_id=10671"},"modified":"2025-12-02T07:27:33","modified_gmt":"2025-12-02T07:27:33","slug":"elementor-10671","status":"publish","type":"page","link":"https:\/\/pwp-3.digital-iz.ch\/en\/elementor-10671\/","title":{"rendered":"PWP Catalogues"},"content":{"rendered":"<div data-elementor-type=\"wp-page\" data-elementor-id=\"10671\" class=\"elementor elementor-10671\" data-elementor-post-type=\"page\">\n\t\t\t\t<div class=\"elementor-element elementor-element-540b3f2 e-con-full e-flex e-con e-parent\" data-id=\"540b3f2\" data-element_type=\"container\" data-e-type=\"container\">\n\t\t\t\t<div class=\"elementor-element elementor-element-a923035 elementor-cta--skin-classic elementor-animated-content elementor-bg-transform elementor-bg-transform-zoom-in elementor-widget elementor-widget-call-to-action\" data-id=\"a923035\" data-element_type=\"widget\" data-e-type=\"widget\" data-widget_type=\"call-to-action.default\">\n\t\t\t\t<div class=\"elementor-widget-container\">\n\t\t\t\t\t\t\t<div class=\"elementor-cta\">\n\t\t\t\t\t<div class=\"elementor-cta__bg-wrapper\">\n\t\t\t\t<div class=\"elementor-cta__bg elementor-bg\" style=\"background-image: url(https:\/\/pwp-3.digital-iz.ch\/wp-content\/uploads\/2025\/09\/PWP-5u-scaled.jpg);\" role=\"img\" aria-label=\"PWP-5u\"><\/div>\n\t\t\t\t<div class=\"elementor-cta__bg-overlay\"><\/div>\n\t\t\t<\/div>\n\t\t\t\t\t\t\t<div class=\"elementor-cta__content\">\n\t\t\t\t\n\t\t\t\t\t\t\t\t\t<h2 class=\"elementor-cta__title elementor-cta__content-item elementor-content-item\">\n\t\t\t\t\t\tTous nos catalogues \t\t\t\t\t<\/h2>\n\t\t\t\t\n\t\t\t\t\t\t\t\t\t<div class=\"elementor-cta__description elementor-cta__content-item elementor-content-item\">\n\t\t\t\t\t\tVous pouvez directement acc\u00e9der \u00e0 tous les t\u00e9l\u00e9chargements ici. \t\t\t\t\t<\/div>\n\t\t\t\t\n\t\t\t\t\t\t\t\t\t<div class=\"elementor-cta__button-wrapper elementor-cta__content-item elementor-content-item\">\n\t\t\t\t\t<a class=\"elementor-cta__button elementor-button elementor-size-\" href=\"https:\/\/kdrive.infomaniak.com\/app\/share\/1970240\/0b1085eb-2bac-42e6-9340-0fd9634acf69\" target=\"_blank\">\n\t\t\t\t\t\tCliquer ici\t\t\t\t\t<\/a>\n\t\t\t\t\t<\/div>\n\t\t\t\t\t\t\t<\/div>\n\t\t\t\t\t\t<\/div>\n\t\t\t\t\t\t<\/div>\n\t\t\t\t<\/div>\n\t\t\t\t<\/div>\n\t\t<div class=\"elementor-element elementor-element-6b8b1f7 e-grid e-con-boxed e-con e-parent\" data-id=\"6b8b1f7\" data-element_type=\"container\" data-e-type=\"container\" data-settings=\"{&quot;background_background&quot;:&quot;classic&quot;}\">\n\t\t\t\t\t<div class=\"e-con-inner\">\n\t\t\t\t<div class=\"elementor-element elementor-element-af5a8cd elementor-widget elementor-widget-embedpress_pdf\" data-id=\"af5a8cd\" data-element_type=\"widget\" data-e-type=\"widget\" data-widget_type=\"embedpress_pdf.default\">\n\t\t\t\t<div class=\"elementor-widget-container\">\n\t\t\t\t\t    <div class=\"embedpress-document-embed ep-doc-d4cea530b4746e9815eef21062a6aa2b ose-document emebedpress-unit-percent\" data-thememode=\"custom\" data-customcolor=\"#FFFFFF\" data-toolbar=\"yes\" data-toolbar-position=\"top\" data-open=\"no\" data-presentation-mode=\"yes\" data-download=\"yes\" data-copy=\"yes\" data-add-image=\"yes\" data-rotate=\"yes\" data-details=\"yes\" data-id=\"embedpress-pdf-af5a8cd\" data-selection-tool=\"0\" data-scrolling=\"0\" data-spreads=\"0\" style=\" max-width:100%; display: inline-block\">\n\n        \n                <div >\n\n                    <div id=\"ep-elementor-content-af5a8cd\" class=\"ep-elementor-content   ep-percentage-width   ep-content-protection-disabled\">\n                        <div id=\"af5a8cd\" class=\"ep-embed-content-wraper\">\n                            <div><iframe title=\"PWP_Catalogue_A_Pi\u00e8ces mont\u00e9es sur chassis\" class=\"embedpress-embed-document-pdf embedpress-pdf-af5a8cd\" style=\"width: 600%!important;height: 427px;; max-width:100%; display: inline-block\" src=\"https:\/\/pwp-3.digital-iz.ch\/wp-admin\/admin-ajax.php?action=get_viewer&#038;file=https%3A%2F%2Fpwp-3.digital-iz.ch%2Fwp-content%2Fuploads%2F2025%2F09%2FPWP_Catalogue_A_Pieces-montees-sur-chassis.pdf&#038;scrolling=0&#038;selection_tool=0&#038;spreads=0#key=dGhlbWVNb2RlPWN1c3RvbSZ0b29sYmFyPXRydWUmcG9zaXRpb249dG9wJnByZXNlbnRhdGlvbj10cnVlJmxhenlMb2FkPXRydWUmZG93bmxvYWQ9dHJ1ZSZjb3B5X3RleHQ9dHJ1ZSZhZGRfdGV4dD10cnVlJmRyYXc9dHJ1ZSZhZGRfaW1hZ2U9dHJ1ZSZwZGZfcm90YXRpb249dHJ1ZSZwZGZfZGV0YWlscz10cnVlJnpvb21faW49dHJ1ZSZ6b29tX291dD10cnVlJmZpdF92aWV3PXRydWUmYm9va21hcms9dHJ1ZSZzb3VuZD10cnVlJmZsaXBib29rX3Rvb2xiYXJfcG9zaXRpb249Ym90dG9tJnNlbGVjdGlvbl90b29sPTAmc2Nyb2xsaW5nPTAmc3ByZWFkcz0wJmlzX3Byb19hY3RpdmU9MCZwYWdlTnVtYmVyPTEmd2F0ZXJtYXJrX3RleHQ9JndhdGVybWFya19mb250X3NpemU9NDgmd2F0ZXJtYXJrX2NvbG9yPSUyMzAwMDAwMCZ3YXRlcm1hcmtfb3BhY2l0eT0xNSZ3YXRlcm1hcmtfc3R5bGU9Y2VudGVyJmN1c3RvbUNvbG9yPSUyM0ZGRkZGRg==&#038;zoom=auto\" data-emid=\"embedpress-pdf-af5a8cd\" data-embed-type=\"PDF\" frameborder=\"0\"><\/iframe><\/div>                        <\/div>\n\n                    <\/div>\n\n\n                   \n                <\/div>\n            \n    <\/div>\n\n\t\t\t\t<\/div>\n\t\t\t\t<\/div>\n\t\t\t\t<div class=\"elementor-element elementor-element-848f9ca elementor-widget elementor-widget-embedpress_pdf\" data-id=\"848f9ca\" data-element_type=\"widget\" data-e-type=\"widget\" data-widget_type=\"embedpress_pdf.default\">\n\t\t\t\t<div class=\"elementor-widget-container\">\n\t\t\t\t\t    <div class=\"embedpress-document-embed ep-doc-3fc5e3d5b6e86fff02e9e141d78acb40 ose-document emebedpress-unit-percent\" data-thememode=\"custom\" data-customcolor=\"#FFFFFF\" data-toolbar=\"yes\" data-toolbar-position=\"top\" data-open=\"no\" data-presentation-mode=\"yes\" data-download=\"yes\" data-copy=\"yes\" data-add-image=\"yes\" data-rotate=\"yes\" data-details=\"yes\" data-id=\"embedpress-pdf-848f9ca\" data-selection-tool=\"0\" data-scrolling=\"0\" data-spreads=\"0\" style=\" max-width:100%; display: inline-block\">\n\n        \n                <div >\n\n                    <div id=\"ep-elementor-content-848f9ca\" class=\"ep-elementor-content   ep-percentage-width   ep-content-protection-disabled\">\n                        <div id=\"848f9ca\" class=\"ep-embed-content-wraper\">\n                            <div><iframe title=\"PWP_Catalogue_B_Pi\u00e8ces pour ponts de camion\" class=\"embedpress-embed-document-pdf embedpress-pdf-848f9ca\" style=\"width: 600%!important;height: 427px;; max-width:100%; display: inline-block\" src=\"https:\/\/pwp-3.digital-iz.ch\/wp-admin\/admin-ajax.php?action=get_viewer&#038;file=https%3A%2F%2Fpwp-3.digital-iz.ch%2Fwp-content%2Fuploads%2F2025%2F09%2FPWP_Catalogue_B_Pieces-pour-ponts-de-camion.pdf&#038;scrolling=0&#038;selection_tool=0&#038;spreads=0#key=dGhlbWVNb2RlPWN1c3RvbSZ0b29sYmFyPXRydWUmcG9zaXRpb249dG9wJnByZXNlbnRhdGlvbj10cnVlJmxhenlMb2FkPXRydWUmZG93bmxvYWQ9dHJ1ZSZjb3B5X3RleHQ9dHJ1ZSZhZGRfdGV4dD10cnVlJmRyYXc9dHJ1ZSZhZGRfaW1hZ2U9dHJ1ZSZwZGZfcm90YXRpb249dHJ1ZSZwZGZfZGV0YWlscz10cnVlJnpvb21faW49dHJ1ZSZ6b29tX291dD10cnVlJmZpdF92aWV3PXRydWUmYm9va21hcms9dHJ1ZSZzb3VuZD10cnVlJmZsaXBib29rX3Rvb2xiYXJfcG9zaXRpb249Ym90dG9tJnNlbGVjdGlvbl90b29sPTAmc2Nyb2xsaW5nPTAmc3ByZWFkcz0wJmlzX3Byb19hY3RpdmU9MCZwYWdlTnVtYmVyPTEmd2F0ZXJtYXJrX3RleHQ9JndhdGVybWFya19mb250X3NpemU9NDgmd2F0ZXJtYXJrX2NvbG9yPSUyMzAwMDAwMCZ3YXRlcm1hcmtfb3BhY2l0eT0xNSZ3YXRlcm1hcmtfc3R5bGU9Y2VudGVyJmN1c3RvbUNvbG9yPSUyM0ZGRkZGRg==&#038;zoom=auto\" data-emid=\"embedpress-pdf-848f9ca\" data-embed-type=\"PDF\" frameborder=\"0\"><\/iframe><\/div>                        <\/div>\n\n                    <\/div>\n\n\n                   \n                <\/div>\n            \n    <\/div>\n\n\t\t\t\t<\/div>\n\t\t\t\t<\/div>\n\t\t\t\t<div class=\"elementor-element elementor-element-40837a5 elementor-widget elementor-widget-embedpress_pdf\" data-id=\"40837a5\" data-element_type=\"widget\" data-e-type=\"widget\" data-widget_type=\"embedpress_pdf.default\">\n\t\t\t\t<div class=\"elementor-widget-container\">\n\t\t\t\t\t    <div class=\"embedpress-document-embed ep-doc-b2dc51e43763d6136721f18bf76946d6 ose-document emebedpress-unit-percent\" data-thememode=\"custom\" data-customcolor=\"#FFFFFF\" data-toolbar=\"yes\" data-toolbar-position=\"top\" data-open=\"no\" data-presentation-mode=\"yes\" data-download=\"yes\" data-copy=\"yes\" data-add-image=\"yes\" data-rotate=\"yes\" data-details=\"yes\" data-id=\"embedpress-pdf-40837a5\" data-selection-tool=\"0\" data-scrolling=\"0\" data-spreads=\"0\" style=\" max-width:100%; display: inline-block\">\n\n        \n                <div >\n\n                    <div id=\"ep-elementor-content-40837a5\" class=\"ep-elementor-content   ep-percentage-width   ep-content-protection-disabled\">\n                        <div id=\"40837a5\" class=\"ep-embed-content-wraper\">\n                            <div><iframe title=\"PWP_Catalogue_C_Supports de b\u00e2ches et stores _ Kit pour caisse\" class=\"embedpress-embed-document-pdf embedpress-pdf-40837a5\" style=\"width: 600%!important;height: 427px;; max-width:100%; display: inline-block\" src=\"https:\/\/pwp-3.digital-iz.ch\/wp-admin\/admin-ajax.php?action=get_viewer&#038;file=https%3A%2F%2Fpwp-3.digital-iz.ch%2Fwp-content%2Fuploads%2F2025%2F09%2FPWP_Catalogue_C_Supports-de-baches-et-stores-_-Kit-pour-caisse.pdf&#038;scrolling=0&#038;selection_tool=0&#038;spreads=0#key=dGhlbWVNb2RlPWN1c3RvbSZ0b29sYmFyPXRydWUmcG9zaXRpb249dG9wJnByZXNlbnRhdGlvbj10cnVlJmxhenlMb2FkPXRydWUmZG93bmxvYWQ9dHJ1ZSZjb3B5X3RleHQ9dHJ1ZSZhZGRfdGV4dD10cnVlJmRyYXc9dHJ1ZSZhZGRfaW1hZ2U9dHJ1ZSZwZGZfcm90YXRpb249dHJ1ZSZwZGZfZGV0YWlscz10cnVlJnpvb21faW49dHJ1ZSZ6b29tX291dD10cnVlJmZpdF92aWV3PXRydWUmYm9va21hcms9dHJ1ZSZzb3VuZD10cnVlJmZsaXBib29rX3Rvb2xiYXJfcG9zaXRpb249Ym90dG9tJnNlbGVjdGlvbl90b29sPTAmc2Nyb2xsaW5nPTAmc3ByZWFkcz0wJmlzX3Byb19hY3RpdmU9MCZwYWdlTnVtYmVyPTEmd2F0ZXJtYXJrX3RleHQ9JndhdGVybWFya19mb250X3NpemU9NDgmd2F0ZXJtYXJrX2NvbG9yPSUyMzAwMDAwMCZ3YXRlcm1hcmtfb3BhY2l0eT0xNSZ3YXRlcm1hcmtfc3R5bGU9Y2VudGVyJmN1c3RvbUNvbG9yPSUyM0ZGRkZGRg==&#038;zoom=auto\" data-emid=\"embedpress-pdf-40837a5\" data-embed-type=\"PDF\" frameborder=\"0\"><\/iframe><\/div>                        <\/div>\n\n                    <\/div>\n\n\n                   \n                <\/div>\n            \n    <\/div>\n\n\t\t\t\t<\/div>\n\t\t\t\t<\/div>\n\t\t\t\t<div class=\"elementor-element elementor-element-34fc25d elementor-widget elementor-widget-embedpress_pdf\" data-id=\"34fc25d\" data-element_type=\"widget\" data-e-type=\"widget\" data-widget_type=\"embedpress_pdf.default\">\n\t\t\t\t<div class=\"elementor-widget-container\">\n\t\t\t\t\t    <div class=\"embedpress-document-embed ep-doc-54e8e9e972388e06e22df33bc7c5c7fb ose-document emebedpress-unit-percent\" data-thememode=\"custom\" data-customcolor=\"#FFFFFF\" data-toolbar=\"yes\" data-toolbar-position=\"top\" data-open=\"no\" data-presentation-mode=\"yes\" data-download=\"yes\" data-copy=\"yes\" data-add-image=\"yes\" data-rotate=\"yes\" data-details=\"yes\" data-id=\"embedpress-pdf-34fc25d\" data-selection-tool=\"0\" data-scrolling=\"0\" data-spreads=\"0\" style=\" max-width:100%; display: inline-block\">\n\n        \n                <div >\n\n                    <div id=\"ep-elementor-content-34fc25d\" class=\"ep-elementor-content   ep-percentage-width   ep-content-protection-disabled\">\n                        <div id=\"34fc25d\" class=\"ep-embed-content-wraper\">\n                            <div><iframe title=\"PWP_Catalogue_D_Accessoires pour caisses\" class=\"embedpress-embed-document-pdf embedpress-pdf-34fc25d\" style=\"width: 600%!important;height: 427px;; max-width:100%; display: inline-block\" src=\"https:\/\/pwp-3.digital-iz.ch\/wp-admin\/admin-ajax.php?action=get_viewer&#038;file=https%3A%2F%2Fpwp-3.digital-iz.ch%2Fwp-content%2Fuploads%2F2025%2F09%2FPWP_Catalogue_D_Accessoires-pour-caisses.pdf&#038;scrolling=0&#038;selection_tool=0&#038;spreads=0#key=dGhlbWVNb2RlPWN1c3RvbSZ0b29sYmFyPXRydWUmcG9zaXRpb249dG9wJnByZXNlbnRhdGlvbj10cnVlJmxhenlMb2FkPXRydWUmZG93bmxvYWQ9dHJ1ZSZjb3B5X3RleHQ9dHJ1ZSZhZGRfdGV4dD10cnVlJmRyYXc9dHJ1ZSZhZGRfaW1hZ2U9dHJ1ZSZwZGZfcm90YXRpb249dHJ1ZSZwZGZfZGV0YWlscz10cnVlJnpvb21faW49dHJ1ZSZ6b29tX291dD10cnVlJmZpdF92aWV3PXRydWUmYm9va21hcms9dHJ1ZSZzb3VuZD10cnVlJmZsaXBib29rX3Rvb2xiYXJfcG9zaXRpb249Ym90dG9tJnNlbGVjdGlvbl90b29sPTAmc2Nyb2xsaW5nPTAmc3ByZWFkcz0wJmlzX3Byb19hY3RpdmU9MCZwYWdlTnVtYmVyPTEmd2F0ZXJtYXJrX3RleHQ9JndhdGVybWFya19mb250X3NpemU9NDgmd2F0ZXJtYXJrX2NvbG9yPSUyMzAwMDAwMCZ3YXRlcm1hcmtfb3BhY2l0eT0xNSZ3YXRlcm1hcmtfc3R5bGU9Y2VudGVyJmN1c3RvbUNvbG9yPSUyM0ZGRkZGRg==&#038;zoom=auto\" data-emid=\"embedpress-pdf-34fc25d\" data-embed-type=\"PDF\" frameborder=\"0\"><\/iframe><\/div>                        <\/div>\n\n                    <\/div>\n\n\n                   \n                <\/div>\n            \n    <\/div>\n\n\t\t\t\t<\/div>\n\t\t\t\t<\/div>\n\t\t\t\t<div class=\"elementor-element elementor-element-7671bc8 elementor-widget elementor-widget-embedpress_pdf\" data-id=\"7671bc8\" data-element_type=\"widget\" data-e-type=\"widget\" data-widget_type=\"embedpress_pdf.default\">\n\t\t\t\t<div class=\"elementor-widget-container\">\n\t\t\t\t\t    <div class=\"embedpress-document-embed ep-doc-648eddbaad99e5ef04e88b4c05b13673 ose-document emebedpress-unit-percent\" data-thememode=\"custom\" data-customcolor=\"#FFFFFF\" data-toolbar=\"yes\" data-toolbar-position=\"top\" data-open=\"no\" data-presentation-mode=\"yes\" data-download=\"yes\" data-copy=\"yes\" data-add-image=\"yes\" data-rotate=\"yes\" data-details=\"yes\" data-id=\"embedpress-pdf-7671bc8\" data-selection-tool=\"0\" data-scrolling=\"0\" data-spreads=\"0\" style=\" max-width:100%; display: inline-block\">\n\n        \n                <div >\n\n                    <div id=\"ep-elementor-content-7671bc8\" class=\"ep-elementor-content   ep-percentage-width   ep-content-protection-disabled\">\n                        <div id=\"7671bc8\" class=\"ep-embed-content-wraper\">\n                            <div><iframe title=\"PWP_Catalogue_E_Aluminium pour v\u00e9hicules utilitaires et kits\" class=\"embedpress-embed-document-pdf embedpress-pdf-7671bc8\" style=\"width: 600%!important;height: 427px;; max-width:100%; display: inline-block\" src=\"https:\/\/pwp-3.digital-iz.ch\/wp-admin\/admin-ajax.php?action=get_viewer&#038;file=https%3A%2F%2Fpwp-3.digital-iz.ch%2Fwp-content%2Fuploads%2F2025%2F09%2FPWP_Catalogue_E_Aluminium-pour-vehicules-utilitaires-et-kits.pdf&#038;scrolling=0&#038;selection_tool=0&#038;spreads=0#key=dGhlbWVNb2RlPWN1c3RvbSZ0b29sYmFyPXRydWUmcG9zaXRpb249dG9wJnByZXNlbnRhdGlvbj10cnVlJmxhenlMb2FkPXRydWUmZG93bmxvYWQ9dHJ1ZSZjb3B5X3RleHQ9dHJ1ZSZhZGRfdGV4dD10cnVlJmRyYXc9dHJ1ZSZhZGRfaW1hZ2U9dHJ1ZSZwZGZfcm90YXRpb249dHJ1ZSZwZGZfZGV0YWlscz10cnVlJnpvb21faW49dHJ1ZSZ6b29tX291dD10cnVlJmZpdF92aWV3PXRydWUmYm9va21hcms9dHJ1ZSZzb3VuZD10cnVlJmZsaXBib29rX3Rvb2xiYXJfcG9zaXRpb249Ym90dG9tJnNlbGVjdGlvbl90b29sPTAmc2Nyb2xsaW5nPTAmc3ByZWFkcz0wJmlzX3Byb19hY3RpdmU9MCZwYWdlTnVtYmVyPTEmd2F0ZXJtYXJrX3RleHQ9JndhdGVybWFya19mb250X3NpemU9NDgmd2F0ZXJtYXJrX2NvbG9yPSUyMzAwMDAwMCZ3YXRlcm1hcmtfb3BhY2l0eT0xNSZ3YXRlcm1hcmtfc3R5bGU9Y2VudGVyJmN1c3RvbUNvbG9yPSUyM0ZGRkZGRg==&#038;zoom=auto\" data-emid=\"embedpress-pdf-7671bc8\" data-embed-type=\"PDF\" frameborder=\"0\"><\/iframe><\/div>                        <\/div>\n\n                    <\/div>\n\n\n                   \n                <\/div>\n            \n    <\/div>\n\n\t\t\t\t<\/div>\n\t\t\t\t<\/div>\n\t\t\t\t<div class=\"elementor-element elementor-element-6d9f7b1 elementor-widget elementor-widget-embedpress_pdf\" data-id=\"6d9f7b1\" data-element_type=\"widget\" data-e-type=\"widget\" data-widget_type=\"embedpress_pdf.default\">\n\t\t\t\t<div class=\"elementor-widget-container\">\n\t\t\t\t\t    <div class=\"embedpress-document-embed ep-doc-38824cc1b4b852ffa5a9efdc32f5be76 ose-document emebedpress-unit-percent\" data-thememode=\"custom\" data-customcolor=\"#FFFFFF\" data-toolbar=\"yes\" data-toolbar-position=\"top\" data-open=\"no\" data-presentation-mode=\"yes\" data-download=\"yes\" data-copy=\"yes\" data-add-image=\"yes\" data-rotate=\"yes\" data-details=\"yes\" data-id=\"embedpress-pdf-6d9f7b1\" data-selection-tool=\"0\" data-scrolling=\"0\" data-spreads=\"0\" style=\" max-width:100%; display: inline-block\">\n\n        \n                <div >\n\n                    <div id=\"ep-elementor-content-6d9f7b1\" class=\"ep-elementor-content   ep-percentage-width   ep-content-protection-disabled\">\n                        <div id=\"6d9f7b1\" class=\"ep-embed-content-wraper\">\n                            <div><iframe title=\"PWP_Catalogue_F_Ladungssicherun\" class=\"embedpress-embed-document-pdf embedpress-pdf-6d9f7b1\" style=\"width: 600%!important;height: 427px;; max-width:100%; display: inline-block\" src=\"https:\/\/pwp-3.digital-iz.ch\/wp-admin\/admin-ajax.php?action=get_viewer&#038;file=https%3A%2F%2Fpwp-3.digital-iz.ch%2Fwp-content%2Fuploads%2F2025%2F09%2FPWP_Catalogue_F_Ladungssicherun.pdf&#038;scrolling=0&#038;selection_tool=0&#038;spreads=0#key=dGhlbWVNb2RlPWN1c3RvbSZ0b29sYmFyPXRydWUmcG9zaXRpb249dG9wJnByZXNlbnRhdGlvbj10cnVlJmxhenlMb2FkPXRydWUmZG93bmxvYWQ9dHJ1ZSZjb3B5X3RleHQ9dHJ1ZSZhZGRfdGV4dD10cnVlJmRyYXc9dHJ1ZSZhZGRfaW1hZ2U9dHJ1ZSZwZGZfcm90YXRpb249dHJ1ZSZwZGZfZGV0YWlscz10cnVlJnpvb21faW49dHJ1ZSZ6b29tX291dD10cnVlJmZpdF92aWV3PXRydWUmYm9va21hcms9dHJ1ZSZzb3VuZD10cnVlJmZsaXBib29rX3Rvb2xiYXJfcG9zaXRpb249Ym90dG9tJnNlbGVjdGlvbl90b29sPTAmc2Nyb2xsaW5nPTAmc3ByZWFkcz0wJmlzX3Byb19hY3RpdmU9MCZwYWdlTnVtYmVyPTEmd2F0ZXJtYXJrX3RleHQ9JndhdGVybWFya19mb250X3NpemU9NDgmd2F0ZXJtYXJrX2NvbG9yPSUyMzAwMDAwMCZ3YXRlcm1hcmtfb3BhY2l0eT0xNSZ3YXRlcm1hcmtfc3R5bGU9Y2VudGVyJmN1c3RvbUNvbG9yPSUyM0ZGRkZGRg==&#038;zoom=auto\" data-emid=\"embedpress-pdf-6d9f7b1\" data-embed-type=\"PDF\" frameborder=\"0\"><\/iframe><\/div>                        <\/div>\n\n                    <\/div>\n\n\n                   \n                <\/div>\n            \n    <\/div>\n\n\t\t\t\t<\/div>\n\t\t\t\t<\/div>\n\t\t\t\t<div class=\"elementor-element elementor-element-dee7e1f elementor-widget elementor-widget-embedpress_pdf\" data-id=\"dee7e1f\" data-element_type=\"widget\" data-e-type=\"widget\" data-widget_type=\"embedpress_pdf.default\">\n\t\t\t\t<div class=\"elementor-widget-container\">\n\t\t\t\t\t    <div class=\"embedpress-document-embed ep-doc-e59b186657f0e70a7281fdd372fc2b8f ose-document emebedpress-unit-percent\" data-thememode=\"custom\" data-customcolor=\"#FFFFFF\" data-toolbar=\"yes\" data-toolbar-position=\"top\" data-open=\"no\" data-presentation-mode=\"yes\" data-download=\"yes\" data-copy=\"yes\" data-add-image=\"yes\" data-rotate=\"yes\" data-details=\"yes\" data-id=\"embedpress-pdf-dee7e1f\" data-selection-tool=\"0\" data-scrolling=\"0\" data-spreads=\"0\" style=\" max-width:100%; display: inline-block\">\n\n        \n                <div >\n\n                    <div id=\"ep-elementor-content-dee7e1f\" class=\"ep-elementor-content   ep-percentage-width   ep-content-protection-disabled\">\n                        <div id=\"dee7e1f\" class=\"ep-embed-content-wraper\">\n                            <div><iframe title=\"PWP_Catalogue_G_Trailer-Kit\" class=\"embedpress-embed-document-pdf embedpress-pdf-dee7e1f\" style=\"width: 600%!important;height: 427px;; max-width:100%; display: inline-block\" src=\"https:\/\/pwp-3.digital-iz.ch\/wp-admin\/admin-ajax.php?action=get_viewer&#038;file=https%3A%2F%2Fpwp-3.digital-iz.ch%2Fwp-content%2Fuploads%2F2025%2F09%2FPWP_Catalogue_G_Trailer-Kit.pdf&#038;scrolling=0&#038;selection_tool=0&#038;spreads=0#key=dGhlbWVNb2RlPWN1c3RvbSZ0b29sYmFyPXRydWUmcG9zaXRpb249dG9wJnByZXNlbnRhdGlvbj10cnVlJmxhenlMb2FkPXRydWUmZG93bmxvYWQ9dHJ1ZSZjb3B5X3RleHQ9dHJ1ZSZhZGRfdGV4dD10cnVlJmRyYXc9dHJ1ZSZhZGRfaW1hZ2U9dHJ1ZSZwZGZfcm90YXRpb249dHJ1ZSZwZGZfZGV0YWlscz10cnVlJnpvb21faW49dHJ1ZSZ6b29tX291dD10cnVlJmZpdF92aWV3PXRydWUmYm9va21hcms9dHJ1ZSZzb3VuZD10cnVlJmZsaXBib29rX3Rvb2xiYXJfcG9zaXRpb249Ym90dG9tJnNlbGVjdGlvbl90b29sPTAmc2Nyb2xsaW5nPTAmc3ByZWFkcz0wJmlzX3Byb19hY3RpdmU9MCZwYWdlTnVtYmVyPTEmd2F0ZXJtYXJrX3RleHQ9JndhdGVybWFya19mb250X3NpemU9NDgmd2F0ZXJtYXJrX2NvbG9yPSUyMzAwMDAwMCZ3YXRlcm1hcmtfb3BhY2l0eT0xNSZ3YXRlcm1hcmtfc3R5bGU9Y2VudGVyJmN1c3RvbUNvbG9yPSUyM0ZGRkZGRg==&#038;zoom=auto\" data-emid=\"embedpress-pdf-dee7e1f\" data-embed-type=\"PDF\" frameborder=\"0\"><\/iframe><\/div>                        <\/div>\n\n                    <\/div>\n\n\n                   \n                <\/div>\n            \n    <\/div>\n\n\t\t\t\t<\/div>\n\t\t\t\t<\/div>\n\t\t\t\t<div class=\"elementor-element elementor-element-ff38125 elementor-widget elementor-widget-embedpress_pdf\" data-id=\"ff38125\" data-element_type=\"widget\" data-e-type=\"widget\" data-widget_type=\"embedpress_pdf.default\">\n\t\t\t\t<div class=\"elementor-widget-container\">\n\t\t\t\t\t    <div class=\"embedpress-document-embed ep-doc-bfcb7cbc1afb42afe8482db27799dffd ose-document emebedpress-unit-percent\" data-thememode=\"custom\" data-customcolor=\"#FFFFFF\" data-toolbar=\"yes\" data-toolbar-position=\"top\" data-open=\"no\" data-presentation-mode=\"yes\" data-download=\"yes\" data-copy=\"yes\" data-add-image=\"yes\" data-rotate=\"yes\" data-details=\"yes\" data-id=\"embedpress-pdf-ff38125\" data-selection-tool=\"0\" data-scrolling=\"0\" data-spreads=\"0\" style=\" max-width:100%; display: inline-block\">\n\n        \n                <div >\n\n                    <div id=\"ep-elementor-content-ff38125\" class=\"ep-elementor-content   ep-percentage-width   ep-content-protection-disabled\">\n                        <div id=\"ff38125\" class=\"ep-embed-content-wraper\">\n                            <div><iframe title=\"PWP_Catalogue_Syst\u00e8mes de porte\" class=\"embedpress-embed-document-pdf embedpress-pdf-ff38125\" style=\"width: 600%!important;height: 427px;; max-width:100%; display: inline-block\" src=\"https:\/\/pwp-3.digital-iz.ch\/wp-admin\/admin-ajax.php?action=get_viewer&#038;file=https%3A%2F%2Fpwp-3.digital-iz.ch%2Fwp-content%2Fuploads%2F2025%2F09%2FPWP_Catalogue_Systemes-de-porte.pdf&#038;scrolling=0&#038;selection_tool=0&#038;spreads=0#key=dGhlbWVNb2RlPWN1c3RvbSZ0b29sYmFyPXRydWUmcG9zaXRpb249dG9wJnByZXNlbnRhdGlvbj10cnVlJmxhenlMb2FkPXRydWUmZG93bmxvYWQ9dHJ1ZSZjb3B5X3RleHQ9dHJ1ZSZhZGRfdGV4dD10cnVlJmRyYXc9dHJ1ZSZhZGRfaW1hZ2U9dHJ1ZSZwZGZfcm90YXRpb249dHJ1ZSZwZGZfZGV0YWlscz10cnVlJnpvb21faW49dHJ1ZSZ6b29tX291dD10cnVlJmZpdF92aWV3PXRydWUmYm9va21hcms9dHJ1ZSZzb3VuZD10cnVlJmZsaXBib29rX3Rvb2xiYXJfcG9zaXRpb249Ym90dG9tJnNlbGVjdGlvbl90b29sPTAmc2Nyb2xsaW5nPTAmc3ByZWFkcz0wJmlzX3Byb19hY3RpdmU9MCZwYWdlTnVtYmVyPTEmd2F0ZXJtYXJrX3RleHQ9JndhdGVybWFya19mb250X3NpemU9NDgmd2F0ZXJtYXJrX2NvbG9yPSUyMzAwMDAwMCZ3YXRlcm1hcmtfb3BhY2l0eT0xNSZ3YXRlcm1hcmtfc3R5bGU9Y2VudGVyJmN1c3RvbUNvbG9yPSUyM0ZGRkZGRg==&#038;zoom=auto\" data-emid=\"embedpress-pdf-ff38125\" data-embed-type=\"PDF\" frameborder=\"0\"><\/iframe><\/div>                        <\/div>\n\n                    <\/div>\n\n\n                   \n                <\/div>\n            \n    <\/div>\n\n\t\t\t\t<\/div>\n\t\t\t\t<\/div>\n\t\t\t\t\t<\/div>\n\t\t\t\t<\/div>\n\t\t\t\t<\/div>","protected":false},"excerpt":{"rendered":"<p>Retrouvez tous nos catalogues. <\/p>","protected":false},"author":1,"featured_media":13577,"parent":0,"menu_order":0,"comment_status":"closed","ping_status":"closed","template":"","meta":{"footnotes":""},"class_list":["post-10671","page","type-page","status-publish","has-post-thumbnail","hentry"],"_links":{"self":[{"href":"https:\/\/pwp-3.digital-iz.ch\/en\/wp-json\/wp\/v2\/pages\/10671","targetHints":{"allow":["GET"]}}],"collection":[{"href":"https:\/\/pwp-3.digital-iz.ch\/en\/wp-json\/wp\/v2\/pages"}],"about":[{"href":"https:\/\/pwp-3.digital-iz.ch\/en\/wp-json\/wp\/v2\/types\/page"}],"author":[{"embeddable":true,"href":"https:\/\/pwp-3.digital-iz.ch\/en\/wp-json\/wp\/v2\/users\/1"}],"replies":[{"embeddable":true,"href":"https:\/\/pwp-3.digital-iz.ch\/en\/wp-json\/wp\/v2\/comments?post=10671"}],"version-history":[{"count":34,"href":"https:\/\/pwp-3.digital-iz.ch\/en\/wp-json\/wp\/v2\/pages\/10671\/revisions"}],"predecessor-version":[{"id":14994,"href":"https:\/\/pwp-3.digital-iz.ch\/en\/wp-json\/wp\/v2\/pages\/10671\/revisions\/14994"}],"wp:featuredmedia":[{"embeddable":true,"href":"https:\/\/pwp-3.digital-iz.ch\/en\/wp-json\/wp\/v2\/media\/13577"}],"wp:attachment":[{"href":"https:\/\/pwp-3.digital-iz.ch\/en\/wp-json\/wp\/v2\/media?parent=10671"}],"curies":[{"name":"wp","href":"https:\/\/api.w.org\/{rel}","templated":true}]}}